{"id":1562,"date":"2022-03-23T10:15:05","date_gmt":"2022-03-23T09:15:05","guid":{"rendered":"https:\/\/ax.wp1.sh\/?page_id=1562"},"modified":"2024-07-10T07:14:03","modified_gmt":"2024-07-10T05:14:03","slug":"demande-de-contact-envoyee","status":"publish","type":"page","link":"https:\/\/ax.wp1.sh\/fr\/demande-de-contact-envoyee\/","title":{"rendered":"Demande de contact envoy\u00e9e !"},"content":{"rendered":"<div data-elementor-type=\"wp-page\" data-elementor-id=\"1562\" class=\"elementor elementor-1562\" data-elementor-post-type=\"page\">\n\t\t\t\t<div data-particle_enable=\"false\" data-particle-mobile-disabled=\"false\" class=\"elementor-element elementor-element-7cb0d79 e-flex e-con-boxed e-con e-parent\" data-id=\"7cb0d79\" data-element_type=\"container\" data-settings=\"{&quot;shape_divider_top&quot;:&quot;tilt&quot;,&quot;jet_parallax_layout_list&quot;:[]}\">\n\t\t\t\t\t<div class=\"e-con-inner\">\n\t\t\t\t<div class=\"elementor-shape elementor-shape-top\" aria-hidden=\"true\" data-negative=\"false\">\n\t\t\t<svg xmlns=\"http:\/\/www.w3.org\/2000\/svg\" viewbox=\"0 0 1000 100\" preserveaspectratio=\"none\">\n\t<path class=\"elementor-shape-fill\" d=\"M0,6V0h1000v100L0,6z\"\/>\n<\/svg>\t\t<\/div>\n\t\t\t\t<div class=\"elementor-element elementor-element-9973fb3 elementor-widget elementor-widget-text-editor\" data-id=\"9973fb3\" data-element_type=\"widget\" data-widget_type=\"text-editor.default\">\n\t\t\t\t\t\t\t\t\t<h2>Nous avons bien re\u00e7u votre demande de contact !\u00a0<\/h2><p>Ch\u00e8re cliente, cher client, Nous avons bien re\u00e7u votre demande de contact et nous vous contacterons d\u00e8s que possible.<\/p><h2>Vous avez une demande urgente ?<\/h2><p>Vous pouvez nous joindre du lundi au vendredi de\u00a0<strong>de 08:30 \u00e0 17:00 heures<\/strong>\u00a0sous ce num\u00e9ro :<\/p><p><a href=\"tel:+4941015055972\"><i class=\"icon-phone\"><\/i>+49 4101 50 55 972<\/a><\/p><p>Avec mes meilleures salutations<br \/><strong>L'\u00e9quipe a-TroniX<\/strong><\/p>\t\t\t\t\t\t\t\t<\/div>\n\t\t\t\t\t<\/div>\n\t\t\t\t<\/div>\n\t\t\t\t<\/div>","protected":false},"excerpt":{"rendered":"<p>Nous avons bien re\u00e7u votre demande de contact !  Ch\u00e8re cliente, cher client, nous avons bien re\u00e7u votre demande de contact et nous vous contacterons le plus rapidement possible. Vous avez une demande urgente ? Vous pouvez nous joindre du lundi au vendredi de 08h30 \u00e0 17h00 au num\u00e9ro suivant : +49 4101 50 55 972 Bien \u00e0 vousL'\u00e9quipe a-TroniX<\/p>","protected":false},"author":3,"featured_media":0,"parent":0,"menu_order":0,"comment_status":"closed","ping_status":"closed","template":"","meta":{"footnotes":""},"class_list":["post-1562","page","type-page","status-publish","hentry"],"_links":{"self":[{"href":"https:\/\/ax.wp1.sh\/fr\/wp-json\/wp\/v2\/pages\/1562","targetHints":{"allow":["GET"]}}],"collection":[{"href":"https:\/\/ax.wp1.sh\/fr\/wp-json\/wp\/v2\/pages"}],"about":[{"href":"https:\/\/ax.wp1.sh\/fr\/wp-json\/wp\/v2\/types\/page"}],"author":[{"embeddable":true,"href":"https:\/\/ax.wp1.sh\/fr\/wp-json\/wp\/v2\/users\/3"}],"replies":[{"embeddable":true,"href":"https:\/\/ax.wp1.sh\/fr\/wp-json\/wp\/v2\/comments?post=1562"}],"version-history":[{"count":0,"href":"https:\/\/ax.wp1.sh\/fr\/wp-json\/wp\/v2\/pages\/1562\/revisions"}],"wp:attachment":[{"href":"https:\/\/ax.wp1.sh\/fr\/wp-json\/wp\/v2\/media?parent=1562"}],"curies":[{"name":"wp","href":"https:\/\/api.w.org\/{rel}","templated":true}]}}